{"id":2327,"date":"2024-06-02T11:41:26","date_gmt":"2024-06-02T09:41:26","guid":{"rendered":"https:\/\/fk-umoja.com\/?page_id=2327"},"modified":"2025-09-07T11:47:01","modified_gmt":"2025-09-07T09:47:01","slug":"startseite","status":"publish","type":"page","link":"https:\/\/fk-umoja.com\/en\/","title":{"rendered":"Startseite"},"content":{"rendered":"<p><strong>\"Umoja\" means \"unity\".<\/strong> The village of Umoja, located in the heart of the Samburu region in Kenya, was founded in 1990 by Rebecca Lolosoli as <strong>Africa's first women's village<\/strong> and continues to offer its residents and their children protection from violence and oppression to this day. At the same time, the women of Umoja are making a significant contribution to the development of the entire region with their pioneering projects.<br \/>\nThey have been supported in this endeavor since 2015 by <strong>by Freundeskreis Umoja - Friens of Umoja<\/strong> e.V.<\/p>","protected":false},"excerpt":{"rendered":"<p>\u201eUmoja\u201c hei\u00dft \u201eEinheit\u201c. Das Dorf Umoja im Herzen des Samburu-Gebietes in Kenia wurde 1990 von Rebecca Lolosoli als erstes Frauendorf Afrikas gegr\u00fcndet und bietet seinen Bewohnerinnen und ihren Kindern bis heute Schutz vor Gewalt und Unterdr\u00fcckung. Zugleich leisten die Frauen von Umoja mit ihren wegweisenden Projekten einen ma\u00dfgeblichen Beitrag zur Entwickung der gesamten Region. Dabei [&hellip;]<\/p>","protected":false},"author":1,"featured_media":0,"parent":0,"menu_order":0,"comment_status":"closed","ping_status":"closed","template":"wp-custom-template-meine-pers-nliche-startseite","meta":{"footnotes":""},"_links":{"self":[{"href":"https:\/\/fk-umoja.com\/en\/wp-json\/wp\/v2\/pages\/2327"}],"collection":[{"href":"https:\/\/fk-umoja.com\/en\/wp-json\/wp\/v2\/pages"}],"about":[{"href":"https:\/\/fk-umoja.com\/en\/wp-json\/wp\/v2\/types\/page"}],"author":[{"embeddable":true,"href":"https:\/\/fk-umoja.com\/en\/wp-json\/wp\/v2\/users\/1"}],"replies":[{"embeddable":true,"href":"https:\/\/fk-umoja.com\/en\/wp-json\/wp\/v2\/comments?post=2327"}],"version-history":[{"count":4,"href":"https:\/\/fk-umoja.com\/en\/wp-json\/wp\/v2\/pages\/2327\/revisions"}],"predecessor-version":[{"id":2530,"href":"https:\/\/fk-umoja.com\/en\/wp-json\/wp\/v2\/pages\/2327\/revisions\/2530"}],"wp:attachment":[{"href":"https:\/\/fk-umoja.com\/en\/wp-json\/wp\/v2\/media?parent=2327"}],"curies":[{"name":"wp","href":"https:\/\/api.w.org\/{rel}","templated":true}]}}