{"id":2204,"date":"2024-05-30T08:06:43","date_gmt":"2024-05-30T06:06:43","guid":{"rendered":"https:\/\/fk-umoja.com\/?page_id=2204"},"modified":"2025-12-11T19:59:34","modified_gmt":"2025-12-11T18:59:34","slug":"unsere-newsletter","status":"publish","type":"page","link":"https:\/\/fk-umoja.com\/en\/unsere-newsletter\/","title":{"rendered":"Our newsletters (german)"},"content":{"rendered":"<p>We send our newsletter in german language 2-3 times a year to anyone interested, with the latest information about the Friends, our projects, and the situation in Umoja. If you would also like to receive the newsletter, please send an email to <\/p>\n<p><a href=\"https:\/\/fk-umoja.com\/wp-content\/uploads\/2024\/05\/Umoja-Kontakt.jpg\"><img loading=\"lazy\" decoding=\"async\" src=\"https:\/\/fk-umoja.com\/wp-content\/uploads\/2024\/05\/Umoja-Kontakt-300x110.jpg\" alt=\"\" width=\"300\" height=\"110\" class=\"aligncenter size-medium wp-image-2229\" srcset=\"https:\/\/fk-umoja.com\/wp-content\/uploads\/2024\/05\/Umoja-Kontakt-300x110.jpg 300w, https:\/\/fk-umoja.com\/wp-content\/uploads\/2024\/05\/Umoja-Kontakt.jpg 484w\" sizes=\"(max-width: 300px) 100vw, 300px\" \/><\/a><\/p>\n<p><strong>Unsere bisherigen Newsletter<\/strong><\/p>\n<p><a href=\"https:\/\/fk-umoja.com\/wp-content\/uploads\/2025\/12\/Newsletter-2025-2.pdf\" target=\"blank\" rel=\"noopener noreferrer\">Newsletter 2025-2<\/a><\/p>\n<p><a href=\"https:\/\/fk-umoja.com\/wp-content\/uploads\/2025\/08\/Newsletter-2025-1-Reisebericht-Umoja.pdf\" target=\"blank\" rel=\"noopener noreferrer\">Newsletter 2025-1 Reisebericht Umoja<\/a><\/p>\n<p><a href=\"https:\/\/fk-umoja.com\/wp-content\/uploads\/2025\/01\/Newsletter-2024-2.pdf\" target=\"blank\" rel=\"noopener noreferrer\">Newsletter 2024-2<\/a><\/p>\n<p><a href=\"https:\/\/fk-umoja.com\/wp-content\/uploads\/2024\/06\/Newsletter-2024-1.pdf\" target=\"blank\" rel=\"noopener noreferrer\">Newsletter 2024-1<\/a><\/p>\n<p><a href=\"http:\/\/fk-umoja.com\/wp-content\/uploads\/2023\/12\/Newsletter-2023-2.pdf\" target=\"blank\" rel=\"noopener noreferrer\">Newsletter 2023-2<\/a><\/p>\n<p><a href=\"http:\/\/fk-umoja.com\/wp-content\/uploads\/2023\/09\/Newsletter-2023-1.pdf\" target=\"blank\" rel=\"noopener noreferrer\">Newsletter 2023-1<\/a><\/p>\n<p><a href=\"http:\/\/fk-umoja.com\/wp-content\/uploads\/2022\/12\/Newsletter-2022-2.pdf\" target=\"blank\" rel=\"noopener noreferrer\">Newsletter 2022-2<\/a><\/p>\n<p><a href=\"http:\/\/fk-umoja.com\/wp-content\/uploads\/2022\/12\/Newsletter-2022-1.pdf\" target=\"blank\" rel=\"noopener noreferrer\">Newsletter 2022-1<\/a><\/p>\n<p><a href=\"http:\/\/fk-umoja.com\/wp-content\/uploads\/2021\/12\/Newsletter-2021-3.pdf\">Newsletter 2021-3<\/a><\/p>\n<p><a href=\"http:\/\/fk-umoja.com\/wp-content\/uploads\/2021\/12\/Newsletter-2021-2.pdf\">Newsletter 2021-2<\/a><\/p>\n<p><a href=\"http:\/\/fk-umoja.com\/wp-content\/uploads\/2021\/05\/Newsletter-2021-1.pdf\">Newsletter 2021-1<\/a><\/p>\n<p><a href=\"http:\/\/fk-umoja.com\/wp-content\/uploads\/2021\/05\/Newsletter-2020-4.pdf\">Newsletter 2020-4<\/a><\/p>\n<p><a href=\"http:\/\/fk-umoja.com\/wp-content\/uploads\/2021\/05\/Newsletter-2020-3.pdf\">Newsletter 2020-3<\/a><\/p>\n<p><a href=\"http:\/\/fk-umoja.com\/wp-content\/uploads\/2020\/06\/Newsletter-2020-2-Endfassung.pdf\">Newsletter 2020-2<\/a><\/p>\n<p><a href=\"http:\/\/fk-umoja.com\/wp-content\/uploads\/2020\/04\/Newsletter-2020-1.pdf\">Newsletter 2020-1<\/a><\/p>\n<p><a href=\"http:\/\/fk-umoja.com\/wp-content\/uploads\/2019\/12\/Newsletter-2019-3.pdf\">Newsletter 2019-3<\/a><\/p>\n<p><a href=\"http:\/\/fk-umoja.com\/wp-content\/uploads\/2019\/09\/Newsletter-2019-2.pdf\">Newsletter 2019-2<\/a><\/p>\n<p><a href=\"http:\/\/fk-umoja.com\/wp-content\/uploads\/2015\/05\/Newsletter-2019-1.pdf\">Newsletter 2019-1<\/a><\/p>\n<p><a href=\"http:\/\/fk-umoja.com\/wp-content\/uploads\/2015\/05\/Newsletter-2018-1.pdf\">Newsletter 2018-1<\/a><\/p>\n<p><a href=\"http:\/\/fk-umoja.com\/wp-content\/uploads\/2015\/05\/Newsletter-2017-4.pdf\">Newsletter 2017-4<\/a><\/p>\n<p><a href=\"http:\/\/fk-umoja.com\/wp-content\/uploads\/2015\/05\/Newsletter-2017-3.pdf\" target=\"blank\" rel=\"noopener noreferrer\">Newsletter 2017-3<\/a><\/p>\n<p><a href=\"http:\/\/fk-umoja.com\/wp-content\/uploads\/2015\/05\/Newsletter-2017-2.pdf\" target=\"blank\" rel=\"noopener noreferrer\">Newsletter 2017-2<\/a><\/p>\n<p><a href=\"http:\/\/fk-umoja.com\/wp-content\/uploads\/2015\/05\/Newsletter-2017-1.pdf\" target=\"blank\" rel=\"noopener noreferrer\">Newsletter 2017-1<\/a><\/p>\n<p><a href=\"http:\/\/fk-umoja.com\/wp-content\/uploads\/2015\/05\/Newsletter_2016_3.pdf\" target=\"blank\" rel=\"noopener noreferrer\">Newsletter 2016-3<\/a><\/p>\n<p><a href=\"http:\/\/fk-umoja.com\/wp-content\/uploads\/2015\/05\/Newsletter_2016_2.pdf\" target=\"blank\" rel=\"noopener noreferrer\">Newsletter 2016-2<\/a><\/p>\n<p><a href=\"http:\/\/fk-umoja.com\/wp-content\/uploads\/2015\/05\/Newsletter-2016-1.pdf\" rel=\"noopener noreferrer\" target=\"blank\">Newsletter 2016-1<\/a><\/p>\n<p><a href=\"http:\/\/fk-umoja.com\/wp-content\/uploads\/2015\/05\/Newsletter-2-2015.pdf\" target=\"blank\" rel=\"noopener noreferrer\">Newsletter 2015-2<\/a><\/p>\n<p><a href=\"http:\/\/fk-umoja.com\/wp-content\/uploads\/2015\/05\/Newsletter_1_2015.pdf\" target=\"blank\" rel=\"noopener noreferrer\">Newsletter 2015-1<\/a><\/p>","protected":false},"excerpt":{"rendered":"<p>Wir versenden an alle Interessierten 2-3 mal j\u00e4hrlich unseren Newsletter mit aktuellen Informationen \u00fcber den Freundeskreis, unsere Projekte und die Situation in Umoja. Falls Sie auch den Newsletter erhalten m\u00f6chten, senden Sie bitte eine entsprechende Mail an Unsere bisherigen Newsletter Newsletter 2025-2 Newsletter 2025-1 Reisebericht Umoja Newsletter 2024-2 Newsletter 2024-1 Newsletter 2023-2 Newsletter 2023-1 Newsletter [&hellip;]<\/p>","protected":false},"author":1,"featured_media":0,"parent":0,"menu_order":0,"comment_status":"closed","ping_status":"closed","template":"","meta":{"footnotes":""},"_links":{"self":[{"href":"https:\/\/fk-umoja.com\/en\/wp-json\/wp\/v2\/pages\/2204"}],"collection":[{"href":"https:\/\/fk-umoja.com\/en\/wp-json\/wp\/v2\/pages"}],"about":[{"href":"https:\/\/fk-umoja.com\/en\/wp-json\/wp\/v2\/types\/page"}],"author":[{"embeddable":true,"href":"https:\/\/fk-umoja.com\/en\/wp-json\/wp\/v2\/users\/1"}],"replies":[{"embeddable":true,"href":"https:\/\/fk-umoja.com\/en\/wp-json\/wp\/v2\/comments?post=2204"}],"version-history":[{"count":8,"href":"https:\/\/fk-umoja.com\/en\/wp-json\/wp\/v2\/pages\/2204\/revisions"}],"predecessor-version":[{"id":2593,"href":"https:\/\/fk-umoja.com\/en\/wp-json\/wp\/v2\/pages\/2204\/revisions\/2593"}],"wp:attachment":[{"href":"https:\/\/fk-umoja.com\/en\/wp-json\/wp\/v2\/media?parent=2204"}],"curies":[{"name":"wp","href":"https:\/\/api.w.org\/{rel}","templated":true}]}}