{"id":2,"date":"2015-05-29T14:56:32","date_gmt":"2015-05-29T14:56:32","guid":{"rendered":"http:\/\/test87359.test-account.com\/\/?page_id=2"},"modified":"2026-04-12T09:56:37","modified_gmt":"2026-04-12T07:56:37","slug":"beispiel-seite","status":"publish","type":"page","link":"https:\/\/fk-umoja.com\/en\/beispiel-seite\/","title":{"rendered":"Imprint"},"content":{"rendered":"<p>Die Verwendung der Kontaktdaten unseres Impressums zur gewerblichen Werbung ist ausdr\u00fccklich nicht erw\u00fcnscht!<br \/>\nThe use of our information for commercial purposes is not allowed!<\/p>\n<p><strong><br \/>\nImprint<\/p>\n<p><\/strong><\/p>\n<p>Angaben gem\u00e4\u00df \u00a7 5 Telemediengesetz (TMG):<\/p>\n<p>Freundeskreis Umoja &#8211; Friends of Umoja e.V.<br \/>\nZur Hammh\u00f6he 37<br \/>\n41517 Grevenbroich<br \/>\nDeutschland<\/p>\n<p>Kontakt:<\/p>\n<p>Andrea Heinrich<\/p>\n<p>Tel.: +49 (0) 2181 7060647. Falls ich nicht sofort erreichbar bin, bitte ich um eine Mail an schatzmeisterin@fk-umoja.org<br \/>\nFax: nicht vorhanden<br \/>\nE-Mail: <a href=\"http:\/\/fk-umoja.com\/wp-content\/uploads\/2015\/05\/Adresse.jpg\"><img loading=\"lazy\" decoding=\"async\" src=\"http:\/\/fk-umoja.com\/wp-content\/uploads\/2015\/05\/Adresse.jpg\" alt=\"Adresse\" width=\"150\" height=\"38\" class=\"alignnone size-full wp-image-253\" \/><\/a><\/p>\n<p>Gemeinschaftlich vertretungsbefugt:<\/p>\n<p>2 gesch\u00e4ftsf\u00fchrende Vorstandsmitglieder aus<\/p>\n<p>1. Vorsitzende: Nathalie Oberth\u00fcr<\/p>\n<p>Schatzmeisterin: Andrea Heinrich<\/p>\n<p>Schriftf\u00fchrerin: Ulrike Stutz<\/p>\n<p>Registergericht: Amtsgericht M\u00f6nchengladbach<br \/>\nRegisternummer: VR 5134<\/p>\n<p>Umsatzsteuer-Identifikationsnummer gem\u00e4\u00df \u00a7 27a Umsatzsteuergesetz (UStG): 114\/5872\/6859<\/p>\n<p>Verantwortlicher f\u00fcr den Inhalt ist gem\u00e4\u00df \u00a7 55 Abs. 2 Rundfunkstaatsvertrag (RStV):<\/p>\n<p>Andrea Heinrich<br \/>\nZur Hammh\u00f6he 37<br \/>\n41517 Grevenbroich<\/p>\n<p>\u00a7 1 Haftungsbeschr\u00e4nkung<br \/>\nDie Inhalte dieser Website werden mit gr\u00f6\u00dftm\u00f6glicher Sorgfalt erstellt. Der Anbieter \u00fcbernimmt jedoch keine Gew\u00e4hr f\u00fcr die Richtigkeit, Vollst\u00e4ndigkeit und Aktualit\u00e4t der bereitgestellten Inhalte. Die Nutzung der Inhalte der Website erfolgt auf eigene Gefahr des Nutzers. Namentlich gekennzeichnete Beitr\u00e4ge geben die Meinung des jeweiligen Autors und nicht immer die Meinung<br \/>\ndes Anbieters wieder. Mit der reinen Nutzung der Website des Anbieters kommt keinerlei Vertragsverh\u00e4ltnis zwischen dem Nutzer und dem Anbieter zustande.<\/p>\n<p>\u00a7 2 Externe Links<br \/>\nDiese Website enth\u00e4lt Verkn\u00fcpfungen zu Websites Dritter (&#8222;externe Links&#8220;). Diese Websites unterliegen der Haftung der jeweiligen Betreiber. Der Anbieter hat bei der erstmaligen Verkn\u00fcpfung der externen Links die fremden Inhalte daraufhin \u00fcberpr\u00fcft, ob etwaige Rechtsverst\u00f6\u00dfe bestehen. Zu dem Zeitpunkt waren keine Rechtsverst\u00f6\u00dfe ersichtlich. Der Anbieter hat keinerlei Einfluss auf die aktuelle und zuk\u00fcnftige Gestaltung und auf die Inhalte der verkn\u00fcpften Seiten. Das Setzen von externen Links bedeutet nicht, dass sich<br \/>\nder Anbieter die hinter dem Verweis oder Link liegenden Inhalte zu Eigen macht. Eine st\u00e4ndige Kontrolle der externen Links ist f\u00fcr den Anbieter ohne konkrete Hinweise auf Rechtsverst\u00f6\u00dfe nicht zumutbar. Bei Kenntnis von Rechtsverst\u00f6\u00dfen werden jedoch derartige externe Links unverz\u00fcglich gel\u00f6scht.<\/p>\n<p>\u00a7 3 Urheber- und Leistungsschutzrechte<br \/>\nDie auf dieser Website ver\u00f6ffentlichten Inhalte unterliegen dem deutschen Urheber- und Leistungsschutzrecht. Jede vom deutschen Urheber- und Leistungsschutzrecht nicht zugelassene Verwertung bedarf der vorherigen schriftlichen Zustimmung des Anbieters oder jeweiligen Rechteinhabers. Dies gilt insbesondere f\u00fcr Vervielf\u00e4ltigung, Bearbeitung, \u00dcbersetzung, Einspeicherung, Verarbeitung bzw. Wiedergabe von Inhalten in Datenbanken<br \/>\noder anderen elektronischen Medien und Systemen.<br \/>\nInhalte und Rechte Dritter sind dabei als solche gekennzeichnet. Die unerlaubte Vervielf\u00e4ltigung oder Weitergabe einzelner Inhalte oder kompletter Seiten ist nicht gestattet und strafbar. Lediglich die Herstellung von Kopien und Downloads f\u00fcr den pers\u00f6nlichen, privaten und nicht kommerziellen Gebrauch ist erlaubt.<\/p>\n<p>Die Darstellung dieser Website in fremden Frames ist nur mit schriftlicher Erlaubnis zul\u00e4ssig.<\/p>\n<p>\u00a7 4 Besondere Nutzungsbedingungen<br \/>\nSoweit besondere Bedingungen f\u00fcr einzelne Nutzungen dieser Website von den vorgenannten Paragraphen abweichen, wird an entsprechender Stelle ausdr\u00fccklich darauf hingewiesen. In diesem Falle gelten im jeweiligen Einzelfall die besonderen Nutzungsbedingungen.<br \/>Quelle: <a href=\"http:\/\/www.experten-branchenbuch.de\/\">Experten-Branchenbuch<\/a><\/p>","protected":false},"excerpt":{"rendered":"<p>Die Verwendung der Kontaktdaten unseres Impressums zur gewerblichen Werbung ist ausdr\u00fccklich nicht erw\u00fcnscht! The use of our information for commercial purposes is not allowed! Impressum Angaben gem\u00e4\u00df \u00a7 5 Telemediengesetz (TMG): Freundeskreis Umoja &#8211; Friends of Umoja e.V. Zur Hammh\u00f6he 37 41517 Grevenbroich Deutschland Kontakt: Andrea Heinrich Tel.: +49 (0) 2181 7060647. Falls ich nicht [&hellip;]<\/p>","protected":false},"author":1,"featured_media":0,"parent":0,"menu_order":0,"comment_status":"closed","ping_status":"closed","template":"","meta":{"footnotes":""},"_links":{"self":[{"href":"https:\/\/fk-umoja.com\/en\/wp-json\/wp\/v2\/pages\/2"}],"collection":[{"href":"https:\/\/fk-umoja.com\/en\/wp-json\/wp\/v2\/pages"}],"about":[{"href":"https:\/\/fk-umoja.com\/en\/wp-json\/wp\/v2\/types\/page"}],"author":[{"embeddable":true,"href":"https:\/\/fk-umoja.com\/en\/wp-json\/wp\/v2\/users\/1"}],"replies":[{"embeddable":true,"href":"https:\/\/fk-umoja.com\/en\/wp-json\/wp\/v2\/comments?post=2"}],"version-history":[{"count":28,"href":"https:\/\/fk-umoja.com\/en\/wp-json\/wp\/v2\/pages\/2\/revisions"}],"predecessor-version":[{"id":2640,"href":"https:\/\/fk-umoja.com\/en\/wp-json\/wp\/v2\/pages\/2\/revisions\/2640"}],"wp:attachment":[{"href":"https:\/\/fk-umoja.com\/en\/wp-json\/wp\/v2\/media?parent=2"}],"curies":[{"name":"wp","href":"https:\/\/api.w.org\/{rel}","templated":true}]}}