{"id":1734,"date":"2020-06-18T19:02:11","date_gmt":"2020-06-18T17:02:11","guid":{"rendered":"http:\/\/fk-umoja.com\/?page_id=1734"},"modified":"2024-06-02T13:14:55","modified_gmt":"2024-06-02T11:14:55","slug":"mitglied-werden","status":"publish","type":"page","link":"https:\/\/fk-umoja.com\/en\/ihre-hilfe-macht-den-unterschied\/mitglied-werden\/","title":{"rendered":"Become a member"},"content":{"rendered":"<p>Anyone who would like to support the women's village of Umoja on a regular basis through the Friends of Umoja is welcome to do so by becoming a member of the association, providing financial support, or corporate sponsorship.<\/p>\n<p>Please fill out the membership application below (german) and send it to the Friends of Umoja.<\/p>\n<p><a href=\"http:\/\/fk-umoja.com\/wp-content\/uploads\/2024\/04\/5-FKU-Beitrittserklaerung-20240404.pdf\">FKU-Beitrittserkl\u00e4rung Stand 04.04.2024<\/a><\/p>\n<p>The membership application form can be printed out and filled in by hand. However, it can also be filled in on a computer. To do this, please download the form to your computer, open it, and fill it in. <\/p>\n<p>You can view our statutes here (german): <a href=\"https:\/\/fk-umoja.com\/wp-content\/uploads\/2023\/11\/Neufassung-der-Satzung-gueltig-ab-18.11.2023.pdf\">Satzung vom 18.11.2023<\/a><\/p>\n<p>Thank you very much for your support!<\/p>","protected":false},"excerpt":{"rendered":"<p>Wer das Frauendorf Umoja \u00fcber den Freundeskreis regelm\u00e4\u00dfig unterst\u00fctzen m\u00f6chte, kann dies gern per Vereinsmitgliedschaft, F\u00f6rderung oder Firmensponsoring tun. Bitte f\u00fcllen Sie hierzu die nachstehende Beitrittserkl\u00e4rung aus und senden sie an den Freundeskreis Umoja. FKU-Beitrittserkl\u00e4rung Stand 04.04.2024 Die Beitrittserkl\u00e4rung kann ausgedruckt und von Hand ausgef\u00fcllt werden. Es ist aber auch eine Ausf\u00fcllung am Rechner m\u00f6glich. [&hellip;]<\/p>","protected":false},"author":1,"featured_media":0,"parent":2216,"menu_order":0,"comment_status":"closed","ping_status":"closed","template":"","meta":{"footnotes":""},"_links":{"self":[{"href":"https:\/\/fk-umoja.com\/en\/wp-json\/wp\/v2\/pages\/1734"}],"collection":[{"href":"https:\/\/fk-umoja.com\/en\/wp-json\/wp\/v2\/pages"}],"about":[{"href":"https:\/\/fk-umoja.com\/en\/wp-json\/wp\/v2\/types\/page"}],"author":[{"embeddable":true,"href":"https:\/\/fk-umoja.com\/en\/wp-json\/wp\/v2\/users\/1"}],"replies":[{"embeddable":true,"href":"https:\/\/fk-umoja.com\/en\/wp-json\/wp\/v2\/comments?post=1734"}],"version-history":[{"count":5,"href":"https:\/\/fk-umoja.com\/en\/wp-json\/wp\/v2\/pages\/1734\/revisions"}],"predecessor-version":[{"id":2377,"href":"https:\/\/fk-umoja.com\/en\/wp-json\/wp\/v2\/pages\/1734\/revisions\/2377"}],"up":[{"embeddable":true,"href":"https:\/\/fk-umoja.com\/en\/wp-json\/wp\/v2\/pages\/2216"}],"wp:attachment":[{"href":"https:\/\/fk-umoja.com\/en\/wp-json\/wp\/v2\/media?parent=1734"}],"curies":[{"name":"wp","href":"https:\/\/api.w.org\/{rel}","templated":true}]}}