{"id":147,"date":"2023-12-05T11:43:43","date_gmt":"2023-12-05T10:43:43","guid":{"rendered":"http:\/\/fk-umoja.com\/?page_id=147"},"modified":"2026-04-01T20:33:46","modified_gmt":"2026-04-01T18:33:46","slug":"kontakt","status":"publish","type":"page","link":"https:\/\/fk-umoja.com\/en\/kontakt\/","title":{"rendered":"Contact"},"content":{"rendered":"<p>If you have any questions or suggestions, please feel free to let us know.<\/p>\n<p>Wir f\u00fchren den Freundeskreis rein ehrenamtlich und sind aufgrund unserer Berufst\u00e4tigkeit schlecht telefonisch zu erreichen.<\/p>\n<p>Therefore, please contact us by email if possible. We will then get back to you within a few days. <\/p>\n<p><a href=\"https:\/\/fk-umoja.com\/wp-content\/uploads\/2024\/05\/Umoja-Kontakt.jpg\"><img loading=\"lazy\" decoding=\"async\" src=\"https:\/\/fk-umoja.com\/wp-content\/uploads\/2024\/05\/Umoja-Kontakt-300x110.jpg\" alt=\"\" width=\"300\" height=\"110\" class=\"aligncenter size-medium wp-image-2229\" srcset=\"https:\/\/fk-umoja.com\/wp-content\/uploads\/2024\/05\/Umoja-Kontakt-300x110.jpg 300w, https:\/\/fk-umoja.com\/wp-content\/uploads\/2024\/05\/Umoja-Kontakt.jpg 484w\" sizes=\"(max-width: 300px) 100vw, 300px\" \/><\/a><\/p>\n<p>Thank you for your understanding.<br \/>\nNathalie Oberth\u00fcr<br \/>\nChairwoman<\/p>","protected":false},"excerpt":{"rendered":"<p>Falls Sie Fragen oder Anregungen haben, k\u00f6nnen Sie uns diese gern mitteilen. Wir f\u00fchren den Freundeskreis rein ehrenamtlich und sind aufgrund unserer Berufst\u00e4tigkeit schlecht telefonisch zu erreichen. Bitte kontaktieren Sie uns daher nach M\u00f6glichkeit per Mail. Wir melden uns dann innerhalb weniger Tage bei Ihnen. Vielen Dank f\u00fcr Ihr Verst\u00e4ndnis. Nathalie Oberth\u00fcr Vorsitzende<\/p>","protected":false},"author":1,"featured_media":0,"parent":0,"menu_order":0,"comment_status":"closed","ping_status":"closed","template":"","meta":{"footnotes":""},"_links":{"self":[{"href":"https:\/\/fk-umoja.com\/en\/wp-json\/wp\/v2\/pages\/147"}],"collection":[{"href":"https:\/\/fk-umoja.com\/en\/wp-json\/wp\/v2\/pages"}],"about":[{"href":"https:\/\/fk-umoja.com\/en\/wp-json\/wp\/v2\/types\/page"}],"author":[{"embeddable":true,"href":"https:\/\/fk-umoja.com\/en\/wp-json\/wp\/v2\/users\/1"}],"replies":[{"embeddable":true,"href":"https:\/\/fk-umoja.com\/en\/wp-json\/wp\/v2\/comments?post=147"}],"version-history":[{"count":18,"href":"https:\/\/fk-umoja.com\/en\/wp-json\/wp\/v2\/pages\/147\/revisions"}],"predecessor-version":[{"id":2634,"href":"https:\/\/fk-umoja.com\/en\/wp-json\/wp\/v2\/pages\/147\/revisions\/2634"}],"wp:attachment":[{"href":"https:\/\/fk-umoja.com\/en\/wp-json\/wp\/v2\/media?parent=147"}],"curies":[{"name":"wp","href":"https:\/\/api.w.org\/{rel}","templated":true}]}}