{"id":1433,"date":"2019-10-11T08:44:21","date_gmt":"2019-10-11T06:44:21","guid":{"rendered":"http:\/\/fk-umoja.com\/?page_id=1433"},"modified":"2025-09-12T18:26:24","modified_gmt":"2025-09-12T16:26:24","slug":"informationsmaterial","status":"publish","type":"page","link":"https:\/\/fk-umoja.com\/en\/informationsmaterial\/","title":{"rendered":"Info-Material"},"content":{"rendered":"<p>Falls Sie nicht gern am Bildschirm lesen, k\u00f6nnen Sie sich unser Informationsmaterial als pdf-Datei herunterladen. Das Material wird regelm\u00e4\u00dfig erg\u00e4nzt.<\/p>\n<p><strong>Allgemeine Informationen<\/strong><\/p>\n<p><a href=\"https:\/\/fk-umoja.com\/wp-content\/uploads\/2024\/05\/Flyer-2024.pdf\">Flyer 2024 (deutsch)<\/a><\/p>\n<p><a href=\"https:\/\/fk-umoja.com\/wp-content\/uploads\/2025\/09\/Flyer-2024-english.pdf\">Flyer 2024 (english)<\/a><\/p>\n<p><a href=\"http:\/\/fk-umoja.com\/wp-content\/uploads\/2023\/11\/Neufassung-der-Satzung-gueltig-ab-18.11.2023.pdf\" target=\"blank\" rel=\"noopener noreferrer\">Satzung 18.11.2023<\/a><\/p>\n<p><a href=\"http:\/\/fk-umoja.com\/wp-content\/uploads\/2015\/12\/Rechte-der-Spender.pdf\" target=\"_blank\" rel=\"noopener noreferrer\">Rechte der Spender (deutsch)<\/a>  <a href=\"http:\/\/fk-umoja.com\/wp-content\/uploads\/2015\/12\/Donor-Bill-of-Rights.pdf\" target=\"_blank\" rel=\"noopener noreferrer\">Rechte der Spender (englisch)<\/a><\/p>\n<p><strong>Informationsbl\u00e4tter<\/strong><\/p>\n<p><a href=\"http:\/\/fk-umoja.com\/wp-content\/uploads\/2020\/10\/Nr.-5-Das-Kenianische-Schul-System-2020.pdf\">Nr. 5 Das Kenianische Schul-System<\/a><\/p>\n<p><a href=\"http:\/\/fk-umoja.com\/wp-content\/uploads\/2021\/10\/Nr-07-2-Das-kenianische-Bildungssystem-im-Wandel.pdf\"> Nr. 5a Das Kenianische Bildungssystem im Wandel<\/a><\/p>","protected":false},"excerpt":{"rendered":"<p>Falls Sie nicht gern am Bildschirm lesen, k\u00f6nnen Sie sich unser Informationsmaterial als pdf-Datei herunterladen. Das Material wird regelm\u00e4\u00dfig erg\u00e4nzt. Allgemeine Informationen Flyer 2024 (deutsch) Flyer 2024 (english) Satzung 18.11.2023 Rechte der Spender (deutsch) Rechte der Spender (englisch) Informationsbl\u00e4tter Nr. 5 Das Kenianische Schul-System Nr. 5a Das Kenianische Bildungssystem im Wandel<\/p>","protected":false},"author":1,"featured_media":0,"parent":0,"menu_order":0,"comment_status":"closed","ping_status":"closed","template":"","meta":{"footnotes":""},"_links":{"self":[{"href":"https:\/\/fk-umoja.com\/en\/wp-json\/wp\/v2\/pages\/1433"}],"collection":[{"href":"https:\/\/fk-umoja.com\/en\/wp-json\/wp\/v2\/pages"}],"about":[{"href":"https:\/\/fk-umoja.com\/en\/wp-json\/wp\/v2\/types\/page"}],"author":[{"embeddable":true,"href":"https:\/\/fk-umoja.com\/en\/wp-json\/wp\/v2\/users\/1"}],"replies":[{"embeddable":true,"href":"https:\/\/fk-umoja.com\/en\/wp-json\/wp\/v2\/comments?post=1433"}],"version-history":[{"count":35,"href":"https:\/\/fk-umoja.com\/en\/wp-json\/wp\/v2\/pages\/1433\/revisions"}],"predecessor-version":[{"id":2542,"href":"https:\/\/fk-umoja.com\/en\/wp-json\/wp\/v2\/pages\/1433\/revisions\/2542"}],"wp:attachment":[{"href":"https:\/\/fk-umoja.com\/en\/wp-json\/wp\/v2\/media?parent=1433"}],"curies":[{"name":"wp","href":"https:\/\/api.w.org\/{rel}","templated":true}]}}